{"id":71,"date":"2024-07-22T23:46:17","date_gmt":"2024-07-22T23:46:17","guid":{"rendered":"https:\/\/estudiopresente.com.ar\/?page_id=71"},"modified":"2025-10-01T00:49:26","modified_gmt":"2025-10-01T00:49:26","slug":"autentica-influencia","status":"publish","type":"page","link":"https:\/\/estudiopresente.com.ar\/","title":{"rendered":"home"},"content":{"rendered":"<p>[et_pb_section fb_built=\u00bb1&#8243; custom_padding_last_edited=\u00bbon|phone\u00bb admin_label=\u00bbSection\u00bb _builder_version=\u00bb4.20.4&#8243; _module_preset=\u00bbdefault\u00bb background_color=\u00bb#F0EDE7&#8243; custom_padding=\u00bb||19px|||\u00bb custom_padding_tablet=\u00bb||19px|||\u00bb custom_padding_phone=\u00bb\u00bb global_colors_info=\u00bb{}\u00bb][et_pb_row admin_label=\u00bblogo\u00bb _builder_version=\u00bb4.20.4&#8243; _module_preset=\u00bbdefault\u00bb module_alignment=\u00bbcenter\u00bb custom_margin=\u00bb0px|0px|0px|0px|true|false\u00bb custom_padding=\u00bb0px|0px|0px|0px|false|false\u00bb module_alignment_tablet=\u00bbcenter\u00bb module_alignment_phone=\u00bbcenter\u00bb module_alignment_last_edited=\u00bbon|phone\u00bb global_colors_info=\u00bb{}\u00bb][et_pb_column type=\u00bb4_4&#8243; _builder_version=\u00bb4.20.4&#8243; _module_preset=\u00bbdefault\u00bb global_colors_info=\u00bb{}\u00bb][et_pb_image src=\u00bbhttps:\/\/estudiopresente.com.ar\/wp-content\/uploads\/2024\/08\/cropped-Diseno-sin-titulo-2-e1723932422758.png\u00bb title_text=\u00bbcropped-Diseno-sin-titulo-2.png\u00bb _builder_version=\u00bb4.20.4&#8243; _module_preset=\u00bbdefault\u00bb transform_scale=\u00bb60%|60%\u00bb custom_margin=\u00bb0px||0px||false|false\u00bb custom_padding=\u00bb|350px||350px|false|false\u00bb custom_padding_tablet=\u00bb|350px||350px|false|false\u00bb custom_padding_phone=\u00bb|0px||0px|false|false\u00bb custom_padding_last_edited=\u00bbon|tablet\u00bb global_colors_info=\u00bb{}\u00bb][\/et_pb_image][\/et_pb_column][\/et_pb_row][\/et_pb_section][et_pb_section fb_built=\u00bb1&#8243; custom_padding_last_edited=\u00bbon|desktop\u00bb _builder_version=\u00bb4.20.4&#8243; _module_preset=\u00bbdefault\u00bb background_color=\u00bb#F0EDE7&#8243; custom_margin=\u00bb0px||||false|false\u00bb custom_margin_tablet=\u00bb0px||||false|false\u00bb custom_margin_phone=\u00bb0px||0px||false|false\u00bb custom_margin_last_edited=\u00bbon|phone\u00bb custom_padding_tablet=\u00bb\u00bb custom_padding_phone=\u00bb0px||0px||false|false\u00bb global_colors_info=\u00bb{}\u00bb][et_pb_row column_structure=\u00bb1_3,2_3&#8243; _builder_version=\u00bb4.20.4&#8243; _module_preset=\u00bbdefault\u00bb global_colors_info=\u00bb{}\u00bb][et_pb_column type=\u00bb1_3&#8243; _builder_version=\u00bb4.20.4&#8243; _module_preset=\u00bbdefault\u00bb global_colors_info=\u00bb{}\u00bb][et_pb_image src=\u00bbhttps:\/\/estudiopresente.com.ar\/wp-content\/uploads\/2024\/08\/Copia-de-estudiopresente.logo-1.png\u00bb title_text=\u00bbCopia de estudiopresente.logo (1)\u00bb disabled_on=\u00bbon|on|off\u00bb _builder_version=\u00bb4.20.4&#8243; _module_preset=\u00bbdefault\u00bb global_colors_info=\u00bb{}\u00bb][\/et_pb_image][\/et_pb_column][et_pb_column type=\u00bb2_3&#8243; _builder_version=\u00bb4.20.4&#8243; _module_preset=\u00bbdefault\u00bb global_colors_info=\u00bb{}\u00bb][et_pb_text _builder_version=\u00bb4.20.4&#8243; _module_preset=\u00bbdefault\u00bb text_font=\u00bbLibre Franklin||||||||\u00bb text_orientation=\u00bbright\u00bb custom_padding=\u00bb|||100px|false|false\u00bb custom_padding_tablet=\u00bb|||100px|false|false\u00bb custom_padding_phone=\u00bb||0px|0px|false|false\u00bb custom_padding_last_edited=\u00bbon|desktop\u00bb hover_enabled=\u00bb0&#8243; global_colors_info=\u00bb{}\u00bb sticky_enabled=\u00bb0&#8243;]<\/p>\n<h1><strong>Hoy se acaba tu procrastinaci\u00f3n digital<\/strong><\/h1>\n<p>Hace m\u00e1s de 6 meses, puede que me est\u00e9 quedando corta y que hace m\u00e1s de un a\u00f1o ven\u00eds dando vueltas con digitalizar algo en tu negocio, que por h o por b lo posterg\u00e1s. Si estoy en lo cierto, llegaste al lugar indicado. Estuve en tu lugar y aprend\u00ed c\u00f3mo salir de ese estado que te hace sentir casi paralizada con la sola idea de ese proyecto. El presente es lo \u00fanico sobre lo que podemos trabajar, por eso te invito a hoy mismo comencemos a\u00a0trabajar juntas para que alcances tus objetivos.<\/p>\n<p>[\/et_pb_text][\/et_pb_column][\/et_pb_row][\/et_pb_section][et_pb_section fb_built=\u00bb1&#8243; _builder_version=\u00bb4.20.4&#8243; _module_preset=\u00bbdefault\u00bb background_color=\u00bb#F0EDE7&#8243; custom_margin=\u00bb-41px|||1px|false|false\u00bb custom_margin_tablet=\u00bb-41px|||1px|false|false\u00bb custom_margin_phone=\u00bb2px|||1px|false|false\u00bb custom_margin_last_edited=\u00bbon|phone\u00bb custom_padding=\u00bb0px|||||\u00bb global_colors_info=\u00bb{}\u00bb][et_pb_row custom_padding_last_edited=\u00bbon|desktop\u00bb _builder_version=\u00bb4.20.4&#8243; _module_preset=\u00bbdefault\u00bb custom_padding=\u00bb7px|100px|0px|0px|false|false\u00bb custom_padding_tablet=\u00bb7px|100px|0px|0px|false|false\u00bb custom_padding_phone=\u00bb7px|2px|0px|0px|false|false\u00bb global_colors_info=\u00bb{}\u00bb][et_pb_column type=\u00bb4_4&#8243; _builder_version=\u00bb4.20.4&#8243; _module_preset=\u00bbdefault\u00bb global_colors_info=\u00bb{}\u00bb][et_pb_text content_tablet=\u00bb<\/p>\n<h1 style=%22text-align: left;%22>Estoy para asistirte en:<\/h1>\n<\/p>\n<p>\u00bb content_phone=\u00bb<\/p>\n<h1 style=%22text-align: left;%22>Estoy para asistirte en:<\/h1>\n<\/p>\n<p>\u00bb content_last_edited=\u00bbon|desktop\u00bb _builder_version=\u00bb4.20.4&#8243; _module_preset=\u00bbdefault\u00bb header_font=\u00bb|700|||||||\u00bb custom_margin=\u00bb33px||-34px||false|false\u00bb custom_padding=\u00bb||0px|||\u00bb header_font_size_tablet=\u00bb\u00bb header_font_size_phone=\u00bb37px\u00bb header_font_size_last_edited=\u00bbon|phone\u00bb global_colors_info=\u00bb{}\u00bb]<\/p>\n<h1 style=\"text-align: left;\">Estoy para asistirte en:<\/h1>\n<p>&nbsp;<\/p>\n<p>[\/et_pb_text][et_pb_text _builder_version=\u00bb4.20.4&#8243; _module_preset=\u00bbdefault\u00bb text_font=\u00bbLibre Franklin||||||||\u00bb header_3_font=\u00bbLibre Franklin||||||||\u00bb header_3_font_size=\u00bb14px\u00bb width=\u00bb76.8%\u00bb custom_margin=\u00bb22px||0px||false|false\u00bb custom_margin_tablet=\u00bb22px||0px||false|false\u00bb custom_margin_phone=\u00bb22px||0px||false|false\u00bb custom_margin_last_edited=\u00bbon|desktop\u00bb custom_padding=\u00bb||0px|||\u00bb hover_enabled=\u00bb0&#8243; header_3_font_size_tablet=\u00bb14px\u00bb header_3_font_size_phone=\u00bb14px\u00bb header_3_font_size_last_edited=\u00bbon|phone\u00bb global_colors_info=\u00bb{}\u00bb sticky_enabled=\u00bb0&#8243;]<\/p>\n<p>\u00b7 La automatizacion tus ventas online cre\u00e1ndote tu tienda en Empretienda, Tienda Nube o TiendUp si ofreces servicios.\u00a0<\/p>\n<p>\u00b7 Planificar la estrategia digital para el lanzamiento de tu pr\u00f3ximo producto o servicio.<\/p>\n<p>\u00b7 En la edici\u00f3n de tus videos para reels y videos de TikTok.<\/p>\n<p>\u00b7Gesti\u00f3n estrategica en campa\u00f1as de anuncios en Meta Ads\u00a0<\/p>\n<p>&nbsp;<\/p>\n<p>&nbsp;<\/p>\n<p>[\/et_pb_text][\/et_pb_column][\/et_pb_row][\/et_pb_section][et_pb_section fb_built=\u00bb1&#8243; _builder_version=\u00bb4.20.4&#8243; _module_preset=\u00bbdefault\u00bb background_color=\u00bb#F0EDE7&#8243; custom_margin=\u00bb|0px||0px|false|false\u00bb custom_padding=\u00bb|1px|6px|0px|false|false\u00bb global_colors_info=\u00bb{}\u00bb][et_pb_row column_structure=\u00bb1_3,2_3&#8243; _builder_version=\u00bb4.20.4&#8243; _module_preset=\u00bbdefault\u00bb module_alignment=\u00bbcenter\u00bb custom_margin=\u00bb|39px||auto||\u00bb custom_margin_tablet=\u00bb|39px||auto||\u00bb custom_margin_phone=\u00bb|0px||0px|false|false\u00bb custom_margin_last_edited=\u00bbon|phone\u00bb global_colors_info=\u00bb{}\u00bb][et_pb_column type=\u00bb1_3&#8243; disabled_on=\u00bbon|on|off\u00bb _builder_version=\u00bb4.20.4&#8243; _module_preset=\u00bbdefault\u00bb global_colors_info=\u00bb{}\u00bb][\/et_pb_column][et_pb_column type=\u00bb2_3&#8243; _builder_version=\u00bb4.20.4&#8243; _module_preset=\u00bbdefault\u00bb global_colors_info=\u00bb{}\u00bb][et_pb_text _builder_version=\u00bb4.20.4&#8243; _module_preset=\u00bbdefault\u00bb text_font=\u00bbLibre Franklin||||||||\u00bb text_orientation=\u00bbright\u00bb custom_padding=\u00bb|||100px|false|false\u00bb custom_padding_tablet=\u00bb|||0px|false|false\u00bb custom_padding_phone=\u00bb|||0px|false|false\u00bb custom_padding_last_edited=\u00bbon|tablet\u00bb global_colors_info=\u00bb{}\u00bb]<\/p>\n<h1><strong>Pensarlo m\u00e1s, no es la soluci\u00f3n<\/strong><\/h1>\n<p>Las ideas no tienen due\u00f1o. Si solo segu\u00eds \u00abprepar\u00e1ndote\u00bb, pensando en tu producto IDEAL, haciendo cursos, leyendo libros y viendo videos de marketing pero NO ACCION\u00c1S, vas a tener los mismos resultados que ten\u00e9s hoy. Y si segu\u00eds leyendo esto es porque esos resultados no est\u00e1n siendo buenos.<\/p>\n<p>Ojo, que te re entiendo. Pas\u00e9 por eso m\u00e1s veces de las que me gusta admitir. No solo perd\u00ed tiempo haciendo planes mentales, sino que llegu\u00e9 a comprar insumos para 100 velas (hasta las tapas ten\u00eda), incluso mand\u00e9 a pedir unos papeles especiales car\u00edsimos para hacer las fotos de producto, pero nunca lanc\u00e9 esa marca. As\u00ed que, lejos de ser una inversi\u00f3n o una gran idea, fue una gran p\u00e9rdida. El factor que hizo que fuera una p\u00e9rdida total es que nunca lanc\u00e9 los productos. No pod\u00edas comprarlos por m\u00e1s que quisieras; dediqu\u00e9 tiempo a muchas cosas, pero ni un segundo a hacer posible que se compraran esas velas.<\/p>\n<p>Si lo que ven\u00eds haciendo no te funciona y segu\u00eds sin poder comunicar tus servicios, si ya ten\u00e9s un negocio que tiene ventas pero no crece, ah\u00ed es donde entro yo. Tu nueva amiga que hace cosas para internet hace m\u00e1s de 13 a\u00f1os. No solo trabaj\u00e9 con m\u00e1s de 50 clientes, sino que, hace un a\u00f1o, abr\u00ed Viving Store, el conejo de indias donde voy probando todo lo que quiero aplicar luego a mis clientes.<\/p>\n<p>Si todav\u00eda est\u00e1s con muchas excusas de que te falta tiempo o ten\u00e9s miedo al cambio, no voy a poder asistirte. Trabajo con personas decididas a accionar. Puede que m\u00e1s adelante vuelvas por ac\u00e1 cuando s\u00ed elijas crear m\u00e1s para tu negocio y te prometo que cuando me digas: \u00abDeber\u00eda haberte contratado meses atr\u00e1s\u00bb, yo me voy a guardar el \u00abte lo dije\u00bb. Pero mi consejo es: si HOY no est\u00e1s conforme con tu negocio, no esperes m\u00e1s y hagas hoy algo diferente a lo que ven\u00edas haciendo. Puede ser contratarme a m\u00ed o simplemente subir un reel diferente a los que ven\u00edas posteando, porque ser autogestivo le funciona a muchos. Pero comprometete con tu \u00e9xito y comenz\u00e1 a dar pasos hacia donde S\u00cd quer\u00e9s ir.<\/p>\n<p>.<\/p>\n<p>[\/et_pb_text][\/et_pb_column][\/et_pb_row][\/et_pb_section][et_pb_section fb_built=\u00bb1&#8243; _builder_version=\u00bb4.20.4&#8243; _module_preset=\u00bbdefault\u00bb background_color=\u00bb#F0EDE7&#8243; custom_margin=\u00bb||-48px|||\u00bb custom_padding=\u00bb23px||75px|||\u00bb global_colors_info=\u00bb{}\u00bb][et_pb_row custom_padding_last_edited=\u00bbon|phone\u00bb _builder_version=\u00bb4.20.4&#8243; _module_preset=\u00bbdefault\u00bb background_color=\u00bb#3363B0&#8243; width=\u00bb62%\u00bb width_tablet=\u00bb82%\u00bb width_phone=\u00bb80%\u00bb width_last_edited=\u00bbon|desktop\u00bb module_alignment=\u00bbcenter\u00bb custom_margin=\u00bb0px||0px||false|false\u00bb custom_padding=\u00bb||0px||false|false\u00bb custom_padding_tablet=\u00bb||0px||false|false\u00bb custom_padding_phone=\u00bb0px|0px|0px|0px|false|false\u00bb module_alignment_tablet=\u00bbcenter\u00bb module_alignment_phone=\u00bbcenter\u00bb module_alignment_last_edited=\u00bbon|phone\u00bb global_colors_info=\u00bb{}\u00bb][et_pb_column type=\u00bb4_4&#8243; _builder_version=\u00bb4.20.4&#8243; _module_preset=\u00bbdefault\u00bb background_color=\u00bb#3363B0&#8243; global_colors_info=\u00bb{}\u00bb][et_pb_cta title=\u00bbRe estoy para activar\u00bb button_url=\u00bbhttps:\/\/api.whatsapp.com\/send?phone=+3516668816&#038;text=Hola!%20te%20escribo%20por%20los%20servicios%20de%20Estudio%20Presente%20&#8243; url_new_window=\u00bbon\u00bb button_text=\u00bbWHATSAPP\u00bb _builder_version=\u00bb4.20.4&#8243; _module_preset=\u00bbdefault\u00bb body_font=\u00bbLibre Franklin||||||||\u00bb background_color=\u00bb#3363B0&#8243; custom_button=\u00bbon\u00bb button_text_color=\u00bb#3363B0&#8243; button_bg_color=\u00bb#F0EDE7&#8243; button_use_icon=\u00bboff\u00bb module_alignment=\u00bbcenter\u00bb custom_margin=\u00bb0px|0px|0px|0px|false|false\u00bb custom_padding=\u00bb|100px||100px|false|false\u00bb custom_padding_tablet=\u00bb|100px||100px|false|false\u00bb custom_padding_phone=\u00bb25px|25px|25px|25px|false|false\u00bb custom_padding_last_edited=\u00bbon|tablet\u00bb hover_enabled=\u00bb0&#8243; module_alignment_tablet=\u00bbcenter\u00bb module_alignment_phone=\u00bbcenter\u00bb module_alignment_last_edited=\u00bbon|phone\u00bb global_colors_info=\u00bb{}\u00bb sticky_enabled=\u00bb0&#8243;]<\/p>\n<p>Si lo que necesitas es sentirte acompa\u00f1ada en las acciones digitales de tu negocio y pisar firme en cada pasito que vayas dando ya sea subir un reel nuevo, hacer tu tienda online o lanzando un nuevo producto escribime para que coordinemos una videollamada para conocernos y empezar a dise\u00f1ar ese camino.<\/p>\n<p>[\/et_pb_cta][\/et_pb_column][\/et_pb_row][\/et_pb_section][et_pb_section fb_built=\u00bb1&#8243; admin_label=\u00bbcontacto\u00bb _builder_version=\u00bb4.20.4&#8243; _module_preset=\u00bbdefault\u00bb background_color=\u00bb#F0EDE7&#8243; custom_margin=\u00bb-41px|||1px|false|false\u00bb custom_margin_tablet=\u00bb-41px|||1px|false|false\u00bb custom_margin_phone=\u00bb2px|||1px|false|false\u00bb custom_margin_last_edited=\u00bbon|phone\u00bb custom_padding=\u00bb0px|||||\u00bb global_colors_info=\u00bb{}\u00bb][et_pb_row custom_padding_last_edited=\u00bbon|desktop\u00bb _builder_version=\u00bb4.20.4&#8243; _module_preset=\u00bbdefault\u00bb custom_padding=\u00bb7px|100px|0px|0px|false|false\u00bb custom_padding_tablet=\u00bb7px|100px|0px|0px|false|false\u00bb custom_padding_phone=\u00bb7px|2px|0px|0px|false|false\u00bb global_colors_info=\u00bb{}\u00bb][et_pb_column type=\u00bb4_4&#8243; _builder_version=\u00bb4.20.4&#8243; _module_preset=\u00bbdefault\u00bb global_colors_info=\u00bb{}\u00bb][et_pb_text _builder_version=\u00bb4.20.4&#8243; _module_preset=\u00bbdefault\u00bb text_line_height=\u00bb1em\u00bb custom_padding=\u00bb7px|||||\u00bb global_colors_info=\u00bb{}\u00bb]<\/p>\n<h1>Contacto<\/h1>\n<p class=\"selectable-text copyable-text x15bjb6t x1n2onr6\" dir=\"ltr\"><span class=\"selectable-text copyable-text\">Celular <\/span><span class=\"selectable-text copyable-text\">+54 351 6668816<\/span><\/p>\n<p class=\"selectable-text copyable-text x15bjb6t x1n2onr6\" dir=\"ltr\"><span class=\"selectable-text copyable-text\">Mail <\/span><span class=\"selectable-text copyable-text\">info@estudiopresente.com.ar<\/span><\/p>\n<p class=\"selectable-text copyable-text x15bjb6t x1n2onr6\" dir=\"ltr\"><span class=\"selectable-text copyable-text\">Instagram <a href=\"https:\/\/www.instagram.com\/estudiopresente\/\">@estudiopresente<\/a><\/span><\/p>\n<p class=\"selectable-text copyable-text x15bjb6t x1n2onr6\" dir=\"ltr\"><span class=\"selectable-text copyable-text\">Tik Tok <a href=\"https:\/\/www.tiktok.com\/@estudiopresente\">@estudiopresente<\/a><\/span><\/p>\n<p class=\"selectable-text copyable-text x15bjb6t x1n2onr6\" dir=\"ltr\"><span class=\"selectable-text copyable-text\">LinkedIn <a href=\"https:\/\/www.linkedin.com\/company\/estudio-presente\/?viewAsMember=true\">Estudio Presente<\/a><\/span><\/p>\n<p>&nbsp;<\/p>\n<p>[\/et_pb_text][\/et_pb_column][\/et_pb_row][\/et_pb_section][et_pb_section fb_built=\u00bb1&#8243; fullwidth=\u00bbon\u00bb _builder_version=\u00bb4.20.4&#8243; _module_preset=\u00bbdefault\u00bb global_colors_info=\u00bb{}\u00bb][et_pb_fullwidth_image src=\u00bbhttps:\/\/estudiopresente.com.ar\/wp-content\/uploads\/2024\/08\/divisor.png\u00bb title_text=\u00bbdivisor\u00bb _builder_version=\u00bb4.20.4&#8243; _module_preset=\u00bbdefault\u00bb background_color=\u00bb#F0EDE7&#8243; global_colors_info=\u00bb{}\u00bb][\/et_pb_fullwidth_image][\/et_pb_section][et_pb_section fb_built=\u00bb1&#8243; custom_padding_last_edited=\u00bbon|phone\u00bb admin_label=\u00bbformulario contacto\u00bb _builder_version=\u00bb4.20.4&#8243; _module_preset=\u00bbdefault\u00bb background_color=\u00bb#F0EDE7&#8243; min_height=\u00bb614.8px\u00bb custom_margin=\u00bb-50px||-137px||false|false\u00bb custom_margin_tablet=\u00bb0px||||false|false\u00bb custom_margin_phone=\u00bb|0px|-137px||false|false\u00bb custom_margin_last_edited=\u00bbon|desktop\u00bb custom_padding=\u00bb3px|300px|0px|300px|false|false\u00bb custom_padding_tablet=\u00bb|30px||30px|false|false\u00bb custom_padding_phone=\u00bb|0px||0px|false|false\u00bb top_divider_style=\u00bbwaves\u00bb top_divider_color=\u00bbRGBA(255,255,255,0)\u00bb top_divider_flip=\u00bbvertical|horizontal\u00bb global_colors_info=\u00bb{}\u00bb][et_pb_row custom_padding_last_edited=\u00bbon|phone\u00bb _builder_version=\u00bb4.20.4&#8243; _module_preset=\u00bbdefault\u00bb module_alignment=\u00bbcenter\u00bb min_height=\u00bb481.8px\u00bb custom_padding=\u00bb27px||0px||false|false\u00bb custom_padding_tablet=\u00bb0px||0px||false|false\u00bb custom_padding_phone=\u00bb0px||||false|false\u00bb module_alignment_tablet=\u00bbcenter\u00bb module_alignment_phone=\u00bbcenter\u00bb module_alignment_last_edited=\u00bbon|phone\u00bb global_colors_info=\u00bb{}\u00bb][et_pb_column type=\u00bb4_4&#8243; _builder_version=\u00bb4.20.4&#8243; _module_preset=\u00bbdefault\u00bb global_colors_info=\u00bb{}\u00bb][et_pb_text _builder_version=\u00bb4.20.4&#8243; _module_preset=\u00bbdefault\u00bb custom_padding=\u00bb7px|||||\u00bb global_colors_info=\u00bb{}\u00bb]<\/p>\n<h1>Consultas<\/h1>\n<p>[\/et_pb_text][et_pb_contact_form submit_button_text=\u00bbenviar\u00bb _builder_version=\u00bb4.20.4&#8243; _module_preset=\u00bbdefault\u00bb _unique_id=\u00bba3f790c3-be9a-410d-8769-1508e1cf4db4&#8243; form_field_background_color=\u00bb#FFFFFF\u00bb form_field_text_color=\u00bb#3363B0&#8243; title_text_color=\u00bb#3363B0&#8243; custom_margin=\u00bb||0px||false|false\u00bb custom_padding=\u00bb||0px||false|false\u00bb hover_enabled=\u00bb0&#8243; global_colors_info=\u00bb{}\u00bb email=\u00bbvivianamorettisegui@gmail.com\u00bb sticky_enabled=\u00bb0&#8243;][et_pb_contact_field field_id=\u00bbName\u00bb field_title=\u00bbNombre\u00bb _builder_version=\u00bb4.20.4&#8243; global_colors_info=\u00bb{}\u00bb button_text_size__hover_enabled=\u00bboff\u00bb button_one_text_size__hover_enabled=\u00bboff\u00bb button_two_text_size__hover_enabled=\u00bboff\u00bb button_text_color__hover_enabled=\u00bboff\u00bb button_one_text_color__hover_enabled=\u00bboff\u00bb button_two_text_color__hover_enabled=\u00bboff\u00bb button_border_width__hover_enabled=\u00bboff\u00bb button_one_border_width__hover_enabled=\u00bboff\u00bb button_two_border_width__hover_enabled=\u00bboff\u00bb button_border_color__hover_enabled=\u00bboff\u00bb button_one_border_color__hover_enabled=\u00bboff\u00bb button_two_border_color__hover_enabled=\u00bboff\u00bb button_border_radius__hover_enabled=\u00bboff\u00bb button_one_border_radius__hover_enabled=\u00bboff\u00bb button_two_border_radius__hover_enabled=\u00bboff\u00bb button_letter_spacing__hover_enabled=\u00bboff\u00bb button_one_letter_spacing__hover_enabled=\u00bboff\u00bb button_two_letter_spacing__hover_enabled=\u00bboff\u00bb button_bg_color__hover_enabled=\u00bboff\u00bb button_one_bg_color__hover_enabled=\u00bboff\u00bb button_two_bg_color__hover_enabled=\u00bboff\u00bb][\/et_pb_contact_field][et_pb_contact_field field_id=\u00bbEmail\u00bb field_title=\u00bbTu Mail (para enviarte mi respuesta)\u00bb field_type=\u00bbemail\u00bb _builder_version=\u00bb4.20.4&#8243; global_colors_info=\u00bb{}\u00bb button_text_size__hover_enabled=\u00bboff\u00bb button_one_text_size__hover_enabled=\u00bboff\u00bb button_two_text_size__hover_enabled=\u00bboff\u00bb button_text_color__hover_enabled=\u00bboff\u00bb button_one_text_color__hover_enabled=\u00bboff\u00bb button_two_text_color__hover_enabled=\u00bboff\u00bb button_border_width__hover_enabled=\u00bboff\u00bb button_one_border_width__hover_enabled=\u00bboff\u00bb button_two_border_width__hover_enabled=\u00bboff\u00bb button_border_color__hover_enabled=\u00bboff\u00bb button_one_border_color__hover_enabled=\u00bboff\u00bb button_two_border_color__hover_enabled=\u00bboff\u00bb button_border_radius__hover_enabled=\u00bboff\u00bb button_one_border_radius__hover_enabled=\u00bboff\u00bb button_two_border_radius__hover_enabled=\u00bboff\u00bb button_letter_spacing__hover_enabled=\u00bboff\u00bb button_one_letter_spacing__hover_enabled=\u00bboff\u00bb button_two_letter_spacing__hover_enabled=\u00bboff\u00bb button_bg_color__hover_enabled=\u00bboff\u00bb button_one_bg_color__hover_enabled=\u00bboff\u00bb button_two_bg_color__hover_enabled=\u00bboff\u00bb][\/et_pb_contact_field][et_pb_contact_field field_id=\u00bbMessage\u00bb field_title=\u00bbTu mensaje \/ consulta \u00bb field_type=\u00bbtext\u00bb fullwidth_field=\u00bbon\u00bb _builder_version=\u00bb4.20.4&#8243; global_colors_info=\u00bb{}\u00bb button_text_size__hover_enabled=\u00bboff\u00bb button_one_text_size__hover_enabled=\u00bboff\u00bb button_two_text_size__hover_enabled=\u00bboff\u00bb button_text_color__hover_enabled=\u00bboff\u00bb button_one_text_color__hover_enabled=\u00bboff\u00bb button_two_text_color__hover_enabled=\u00bboff\u00bb button_border_width__hover_enabled=\u00bboff\u00bb button_one_border_width__hover_enabled=\u00bboff\u00bb button_two_border_width__hover_enabled=\u00bboff\u00bb button_border_color__hover_enabled=\u00bboff\u00bb button_one_border_color__hover_enabled=\u00bboff\u00bb button_two_border_color__hover_enabled=\u00bboff\u00bb button_border_radius__hover_enabled=\u00bboff\u00bb button_one_border_radius__hover_enabled=\u00bboff\u00bb button_two_border_radius__hover_enabled=\u00bboff\u00bb button_letter_spacing__hover_enabled=\u00bboff\u00bb button_one_letter_spacing__hover_enabled=\u00bboff\u00bb button_two_letter_spacing__hover_enabled=\u00bboff\u00bb button_bg_color__hover_enabled=\u00bboff\u00bb button_one_bg_color__hover_enabled=\u00bboff\u00bb button_two_bg_color__hover_enabled=\u00bboff\u00bb][\/et_pb_contact_field][\/et_pb_contact_form][\/et_pb_column][\/et_pb_row][\/et_pb_section]<\/p>\n","protected":false},"excerpt":{"rendered":"<p>Hoy se acaba tu procrastinaci\u00f3n digital Hace m\u00e1s de 6 meses, puede que me est\u00e9 quedando corta y que hace m\u00e1s de un a\u00f1o ven\u00eds dando vueltas con digitalizar algo en tu negocio, que por h o por b lo posterg\u00e1s. Si estoy en lo cierto, llegaste al lugar indicado. Estuve en tu lugar y [&hellip;]<\/p>\n","protected":false},"author":1,"featured_media":0,"parent":0,"menu_order":0,"comment_status":"closed","ping_status":"closed","template":"page-template-blank.php","meta":{"_et_pb_use_builder":"on","_et_pb_old_content":"","_et_gb_content_width":""},"_links":{"self":[{"href":"https:\/\/estudiopresente.com.ar\/index.php\/wp-json\/wp\/v2\/pages\/71"}],"collection":[{"href":"https:\/\/estudiopresente.com.ar\/index.php\/wp-json\/wp\/v2\/pages"}],"about":[{"href":"https:\/\/estudiopresente.com.ar\/index.php\/wp-json\/wp\/v2\/types\/page"}],"author":[{"embeddable":true,"href":"https:\/\/estudiopresente.com.ar\/index.php\/wp-json\/wp\/v2\/users\/1"}],"replies":[{"embeddable":true,"href":"https:\/\/estudiopresente.com.ar\/index.php\/wp-json\/wp\/v2\/comments?post=71"}],"version-history":[{"count":47,"href":"https:\/\/estudiopresente.com.ar\/index.php\/wp-json\/wp\/v2\/pages\/71\/revisions"}],"predecessor-version":[{"id":476,"href":"https:\/\/estudiopresente.com.ar\/index.php\/wp-json\/wp\/v2\/pages\/71\/revisions\/476"}],"wp:attachment":[{"href":"https:\/\/estudiopresente.com.ar\/index.php\/wp-json\/wp\/v2\/media?parent=71"}],"curies":[{"name":"wp","href":"https:\/\/api.w.org\/{rel}","templated":true}]}}